{"id":11023,"date":"2023-04-21T10:35:42","date_gmt":"2023-04-21T09:35:42","guid":{"rendered":"https:\/\/arexo.be\/mots-par-k\/"},"modified":"2023-08-09T10:54:49","modified_gmt":"2023-08-09T09:54:49","slug":"mots-par-k","status":"publish","type":"page","link":"https:\/\/arexo.be\/fr\/mots-par-k\/","title":{"rendered":"Mots par K"},"content":{"rendered":"\t\t<div data-elementor-type=\"wp-page\" data-elementor-id=\"11023\" class=\"elementor elementor-11023\">\n\t\t\t\t\t\t<section class=\"elementor-section elementor-top-section elementor-element elementor-element-2be31b9 elementor-section-boxed elementor-section-height-default elementor-section-height-default\" data-id=\"2be31b9\" data-element_type=\"section\" data-e-type=\"section\">\n\t\t\t\t\t\t<div class=\"elementor-container elementor-column-gap-default\">\n\t\t\t\t\t<div class=\"elementor-column elementor-col-66 elementor-top-column elementor-element elementor-element-2be3881\" data-id=\"2be3881\" data-element_type=\"column\" data-e-type=\"column\">\n\t\t\t<div class=\"elementor-widget-wrap elementor-element-populated\">\n\t\t\t\t\t\t<div class=\"elementor-element elementor-element-838b9cf elementor-widget elementor-widget-text-editor\" data-id=\"838b9cf\" data-element_type=\"widget\" data-e-type=\"widget\" data-widget_type=\"text-editor.default\">\n\t\t\t\t<div class=\"elementor-widget-container\">\n\t\t\t\t\t\t\t\t\t<p><a href=\"https:\/\/arexo.be\/fr\/mots-par-a\/\">A<\/a>&#8211;<a href=\"https:\/\/arexo.be\/fr\/mots-par-b\/\">B<\/a>&#8211;<a href=\"https:\/\/arexo.be\/fr\/mots-par-c\/\">C<\/a>&#8211;<a href=\"https:\/\/arexo.be\/en\/d-words\/\">D<\/a>&#8211;<a href=\"https:\/\/arexo.be\/fr\/mots-par-e\/\">E<\/a>&#8211;<a href=\"https:\/\/arexo.be\/fr\/mots-par-e-2\/\">F<\/a>&#8211;<a href=\"https:\/\/arexo.be\/fr\/mots-par-g\/\">G<\/a>&#8211;<a href=\"https:\/\/arexo.be\/fr\/mots-par-h\/\">H<\/a>&#8211;<a href=\"https:\/\/arexo.be\/fr\/mots-par-i\/\">I<\/a>&#8211;<a href=\"https:\/\/arexo.be\/fr\/mots-par-j\/\">J<\/a>&#8211;<a href=\"https:\/\/arexo.be\/fr\/mots-par-k\/\"><strong>K<\/strong><\/a>&#8211;<a href=\"https:\/\/arexo.be\/en\/l-words\/\">L<\/a>&#8211;<a href=\"https:\/\/arexo.be\/en\/m-words\/\">M<\/a>&#8211;<a href=\"https:\/\/arexo.be\/en\/n-words\/\">N<\/a>&#8211;<a href=\"https:\/\/arexo.be\/en\/o-words\/\">O<\/a>&#8211;<a href=\"https:\/\/arexo.be\/en\/p-words\/\">P<\/a>&#8211;<a href=\"https:\/\/arexo.be\/en\/q-words\/\">Q<\/a>&#8211;<a href=\"https:\/\/arexo.be\/en\/r-words\/\">R<\/a>&#8211;<a href=\"https:\/\/arexo.be\/en\/s-words\/\">S<\/a>&#8211;<a href=\"https:\/\/arexo.be\/en\/t-words\/\">T<\/a>&#8211;<a href=\"https:\/\/arexo.be\/en\/u-words\/\">U<\/a>&#8211;<a href=\"https:\/\/arexo.be\/en\/v-words\/\">V<\/a>&#8211;<a href=\"https:\/\/arexo.be\/en\/w-words\/\">W<\/a>&#8211;<a href=\"https:\/\/arexo.be\/en\/x-words\/\">X<\/a>&#8211;<a href=\"https:\/\/arexo.be\/en\/y-words\/\">Y<\/a>&#8211;<a href=\"https:\/\/arexo.be\/en\/z-words\/\">Z<\/a><\/p>\n\t\t\t\t\t\t\t\t<\/div>\n\t\t\t\t<\/div>\n\t\t\t\t<div class=\"elementor-element elementor-element-a3e0432 elementor-widget elementor-widget-toggle\" data-id=\"a3e0432\" data-element_type=\"widget\" data-e-type=\"widget\" data-widget_type=\"toggle.default\">\n\t\t\t\t<div class=\"elementor-widget-container\">\n\t\t\t\t\t\t\t<div class=\"elementor-toggle\">\n\t\t\t\t\t\t\t<div class=\"elementor-toggle-item\">\n\t\t\t\t\t<div id=\"elementor-tab-title-1711\" class=\"elementor-tab-title\" data-tab=\"1\" role=\"button\" aria-controls=\"elementor-tab-content-1711\" aria-expanded=\"false\">\n\t\t\t\t\t\t\t\t\t\t\t\t<span class=\"elementor-toggle-icon elementor-toggle-icon-left\" aria-hidden=\"true\">\n\t\t\t\t\t\t\t\t\t\t\t\t\t\t\t<span class=\"elementor-toggle-icon-closed\"><i class=\"fas fa-caret-right\"><\/i><\/span>\n\t\t\t\t\t\t\t\t<span class=\"elementor-toggle-icon-opened\"><i class=\"elementor-toggle-icon-opened fas fa-caret-up\"><\/i><\/span>\n\t\t\t\t\t\t\t\t\t\t\t\t\t<\/span>\n\t\t\t\t\t\t\t\t\t\t\t\t<a class=\"elementor-toggle-title\" tabindex=\"0\">Kanban<\/a>\n\t\t\t\t\t<\/div>\n\n\t\t\t\t\t<div id=\"elementor-tab-content-1711\" class=\"elementor-tab-content elementor-clearfix\" data-tab=\"1\" role=\"region\" aria-labelledby=\"elementor-tab-title-1711\"><p><em>Kanban est une m\u00e9thodologie de gestion de projet Agile qui met l&#8217;accent sur la visualisation du flux de travail et la limitation du travail en cours. Elle est souvent utilis\u00e9e pour le d\u00e9veloppement de logiciels, mais peut \u00e9galement \u00eatre appliqu\u00e9e \u00e0 d&#8217;autres domaines. Le tableau Kanban est l&#8217;\u00e9l\u00e9ment cl\u00e9 de la m\u00e9thode Kanban, qui est utilis\u00e9 pour visualiser les t\u00e2ches en cours et suivre leur progression. Le processus Kanban est centr\u00e9 sur la collaboration, la transparence et l&#8217;am\u00e9lioration continue. Les membres de l&#8217;\u00e9quipe travaillent ensemble pour identifier les goulets d&#8217;\u00e9tranglement et les inefficacit\u00e9s dans le processus et les \u00e9liminer progressivement. Contrairement \u00e0 Scrum, Kanban n&#8217;a pas de sprints d\u00e9finis et les t\u00e2ches sont g\u00e9n\u00e9ralement trait\u00e9es en continu. L&#8217;\u00e9quipe travaille sur un ensemble de t\u00e2ches prioritaires et les nouvelles t\u00e2ches sont ajout\u00e9es au tableau Kanban au fur et \u00e0 mesure qu&#8217;elles se pr\u00e9sentent. La m\u00e9thode Kanban permet \u00e0 l&#8217;\u00e9quipe de g\u00e9rer efficacement les priorit\u00e9s, de surveiller la charge de travail, d&#8217;am\u00e9liorer la qualit\u00e9 et d&#8217;optimiser la livraison.<\/em><\/p>\n<\/div>\n\t\t\t\t<\/div>\n\t\t\t\t\t\t\t\t<\/div>\n\t\t\t\t\t\t<\/div>\n\t\t\t\t<\/div>\n\t\t\t\t\t<\/div>\n\t\t<\/div>\n\t\t\t\t<div class=\"elementor-column elementor-col-33 elementor-top-column elementor-element elementor-element-2be3e41\" data-id=\"2be3e41\" data-element_type=\"column\" data-e-type=\"column\">\n\t\t\t<div class=\"elementor-widget-wrap elementor-element-populated\">\n\t\t\t\t\t\t<div class=\"elementor-element elementor-element-cb4fcf1 elementor-widget elementor-widget-text-editor\" data-id=\"cb4fcf1\" data-element_type=\"widget\" data-e-type=\"widget\" data-widget_type=\"text-editor.default\">\n\t\t\t\t<div class=\"elementor-widget-container\">\n\t\t\t\t\t\t\t\t\t<p><span style=\"text-decoration: underline;\"><a href=\"https:\/\/arexo.be\/fr\/glossaire\/\">Retour au glossaire<\/a><\/span><\/p>\n\t\t\t\t\t\t\t\t<\/div>\n\t\t\t\t<\/div>\n\t\t\t\t<div class=\"elementor-element elementor-element-2be42f9 elementor-widget elementor-widget-stm_sidebar\" data-id=\"2be42f9\" data-element_type=\"widget\" data-e-type=\"widget\" data-widget_type=\"stm_sidebar.default\">\n\t\t\t\t<div class=\"elementor-widget-container\">\n\t\t\t\t\t\n<div class=\"stm_sidebar consulting_elementor_sidebar\">\n\n            \t\t<div data-elementor-type=\"wp-post\" data-elementor-id=\"7952\" class=\"elementor elementor-7952 elementor-7459 elementor-7459\">\n\t\t\t\t\t\t<section class=\"elementor-section elementor-top-section elementor-element elementor-element-367e71c elementor-section-boxed elementor-section-height-default elementor-section-height-default\" data-id=\"367e71c\" data-element_type=\"section\" data-e-type=\"section\">\n\t\t\t\t\t\t<div class=\"elementor-container elementor-column-gap-default\">\n\t\t\t\t\t<div class=\"elementor-column elementor-col-100 elementor-top-column elementor-element elementor-element-367ebfc\" data-id=\"367ebfc\" data-element_type=\"column\" data-e-type=\"column\">\n\t\t\t<div class=\"elementor-widget-wrap elementor-element-populated\">\n\t\t\t\t\t\t<div class=\"elementor-element elementor-element-367f0d7 elementor-widget elementor-widget-wp-widget-nav_menu\" data-id=\"367f0d7\" data-element_type=\"widget\" data-e-type=\"widget\" data-widget_type=\"wp-widget-nav_menu.default\">\n\t\t\t\t<div class=\"elementor-widget-container\">\n\t\t\t\t\t<aside class='widget widget_nav_menu'><div class=\"menu-sidebar-menu-2-container\"><ul id=\"menu-sidebar-menu-2\" class=\"menu\"><li id=\"menu-item-13407\" class=\"menu-item menu-item-type-post_type menu-item-object-page menu-item-13407\"><a href=\"https:\/\/arexo.be\/en\/services\/atlassian-solutions\/\">Solutions Atlassian<\/a><\/li>\n<li id=\"menu-item-13408\" class=\"menu-item menu-item-type-post_type menu-item-object-page menu-item-13408\"><a href=\"https:\/\/arexo.be\/en\/services\/digital-solutions\/\">Solutions Digitales<\/a><\/li>\n<li id=\"menu-item-13406\" class=\"menu-item menu-item-type-post_type menu-item-object-page menu-item-13406\"><a href=\"https:\/\/arexo.be\/en\/services\/custom-development\/\">D\u00e9veloppement de logiciels sur mesure<\/a><\/li>\n<\/ul><\/div><\/aside>\t\t\t\t<\/div>\n\t\t\t\t<\/div>\n\t\t\t\t\t<\/div>\n\t\t<\/div>\n\t\t\t\t\t<\/div>\n\t\t<\/section>\n\t\t\t\t<section class=\"elementor-section elementor-top-section elementor-element elementor-element-3680517 third_bg_color elementor-section-boxed elementor-section-height-default elementor-section-height-default\" data-id=\"3680517\" data-element_type=\"section\" data-e-type=\"section\" data-settings=\"{&quot;background_background&quot;:&quot;classic&quot;}\">\n\t\t\t\t\t\t<div class=\"elementor-container elementor-column-gap-default\">\n\t\t\t\t\t<div class=\"elementor-column elementor-col-100 elementor-top-column elementor-element elementor-element-3680c69\" data-id=\"3680c69\" data-element_type=\"column\" data-e-type=\"column\" data-settings=\"{&quot;background_background&quot;:&quot;classic&quot;}\">\n\t\t\t<div class=\"elementor-widget-wrap elementor-element-populated\">\n\t\t\t\t\t\t<div class=\"elementor-element elementor-element-368129f elementor-widget elementor-widget-vc_custom_heading\" data-id=\"368129f\" data-element_type=\"widget\" data-e-type=\"widget\" data-widget_type=\"vc_custom_heading.default\">\n\t\t\t\t<div class=\"elementor-widget-container\">\n\t\t\t\t\t<div class=\" vc_custom_heading  consulting_heading_font  text_align_left\" ><div style=\"font-size: 16px;color: #222222;text-align: left;font-weight:700\" class=\"consulting-custom-title\">Comment pouvons-nous vous aider ?\n<\/div><\/div>\t\t\t\t<\/div>\n\t\t\t\t<\/div>\n\t\t\t\t<div class=\"elementor-element elementor-element-36816bc elementor-widget elementor-widget-text-editor\" data-id=\"36816bc\" data-element_type=\"widget\" data-e-type=\"widget\" data-widget_type=\"text-editor.default\">\n\t\t\t\t<div class=\"elementor-widget-container\">\n\t\t\t\t\t\t\t\t\t<p><span style=\"font-size: 13px; line-height: 22px; color: #222222;\">Dites-nous en plus sur vous et votre projet !<\/span><\/p>\n\t\t\t\t\t\t\t\t<\/div>\n\t\t\t\t<\/div>\n\t\t\t\t<div class=\"elementor-element elementor-element-3681ab0 elementor-widget__width-auto elementor-widget elementor-widget-button\" data-id=\"3681ab0\" data-element_type=\"widget\" data-e-type=\"widget\" data-widget_type=\"button.default\">\n\t\t\t\t<div class=\"elementor-widget-container\">\n\t\t\t\t\t\t\t\t\t<div class=\"elementor-button-wrapper icon_align_right  \">\n\t\t\t\t\t<a class=\"elementor-button elementor-button-link elementor-size-sm\" href=\"\/fr\/contactez-nous\/\">\n\t\t\t\t\t\t<span class=\"elementor-button-content-wrapper\">\n\t\t\t\t\t\t<span class=\"elementor-button-icon\">\n\t\t\t\t<i aria-hidden=\"true\" class=\"fas fa-caret-right\"><\/i>\t\t\t<\/span>\n\t\t\t\t\t\t\t\t\t<span class=\"elementor-button-text\">Contactez-nous<\/span>\n\t\t\t\t\t<\/span>\n\t\t\t\t\t<\/a>\n\t\t\t\t<\/div>\n\t\t\t\t\t\t\t\t<\/div>\n\t\t\t\t<\/div>\n\t\t\t\t\t<\/div>\n\t\t<\/div>\n\t\t\t\t\t<\/div>\n\t\t<\/section>\n\t\t\t\t<\/div>\n\t\t    \n<\/div>\t\t\t\t<\/div>\n\t\t\t\t<\/div>\n\t\t\t\t\t<\/div>\n\t\t<\/div>\n\t\t\t\t\t<\/div>\n\t\t<\/section>\n\t\t\t\t<\/div>\n\t\t","protected":false},"excerpt":{"rendered":"<p>A&#8211;B&#8211;C&#8211;D&#8211;E&#8211;F&#8211;G&#8211;H&#8211;I&#8211;J&#8211;K&#8211;L&#8211;M&#8211;N&#8211;O&#8211;P&#8211;Q&#8211;R&#8211;S&#8211;T&#8211;U&#8211;V&#8211;W&#8211;X&#8211;Y&#8211;Z Kanban Kanban est une m\u00e9thodologie de gestion de projet Agile qui met l&#8217;accent sur la visualisation du flux de travail et la limitation du travail en cours. Elle est souvent utilis\u00e9e pour le d\u00e9veloppement de logiciels, mais peut \u00e9galement \u00eatre appliqu\u00e9e \u00e0 d&#8217;autres domaines. Le tableau Kanban est l&#8217;\u00e9l\u00e9ment cl\u00e9 de la m\u00e9thode Kanban,<\/p>\n","protected":false},"author":1,"featured_media":9627,"parent":0,"menu_order":0,"comment_status":"closed","ping_status":"closed","template":"","meta":{"footnotes":""},"class_list":["post-11023","page","type-page","status-publish","has-post-thumbnail","hentry"],"yoast_head":"<!-- This site is optimized with the Yoast SEO plugin v27.5 - https:\/\/yoast.com\/product\/yoast-seo-wordpress\/ -->\n<title>Mots par K - Arexo<\/title>\n<meta name=\"robots\" content=\"index, follow, max-snippet:-1, max-image-preview:large, max-video-preview:-1\" \/>\n<link rel=\"canonical\" href=\"https:\/\/arexo.be\/fr\/mots-par-k\/\" \/>\n<meta property=\"og:locale\" content=\"fr_FR\" \/>\n<meta property=\"og:type\" content=\"article\" \/>\n<meta property=\"og:title\" content=\"Mots par K - Arexo\" \/>\n<meta property=\"og:description\" content=\"A&#8211;B&#8211;C&#8211;D&#8211;E&#8211;F&#8211;G&#8211;H&#8211;I&#8211;J&#8211;K&#8211;L&#8211;M&#8211;N&#8211;O&#8211;P&#8211;Q&#8211;R&#8211;S&#8211;T&#8211;U&#8211;V&#8211;W&#8211;X&#8211;Y&#8211;Z Kanban Kanban est une m\u00e9thodologie de gestion de projet Agile qui met l&#8217;accent sur la visualisation du flux de travail et la limitation du travail en cours. Elle est souvent utilis\u00e9e pour le d\u00e9veloppement de logiciels, mais peut \u00e9galement \u00eatre appliqu\u00e9e \u00e0 d&#8217;autres domaines. Le tableau Kanban est l&#8217;\u00e9l\u00e9ment cl\u00e9 de la m\u00e9thode Kanban,\" \/>\n<meta property=\"og:url\" content=\"https:\/\/arexo.be\/fr\/mots-par-k\/\" \/>\n<meta property=\"og:site_name\" content=\"Arexo\" \/>\n<meta property=\"article:modified_time\" content=\"2023-08-09T09:54:49+00:00\" \/>\n<meta property=\"og:image\" content=\"https:\/\/arexo.be\/wp-content\/uploads\/2023\/02\/0d6c681c-4701-4e32-bb71-ca0e901566d3.png\" \/>\n\t<meta property=\"og:image:width\" content=\"1200\" \/>\n\t<meta property=\"og:image:height\" content=\"627\" \/>\n\t<meta property=\"og:image:type\" content=\"image\/png\" \/>\n<meta name=\"twitter:card\" content=\"summary_large_image\" \/>\n<meta name=\"twitter:site\" content=\"@arexoconsulting\" \/>\n<meta name=\"twitter:label1\" content=\"Dur\u00e9e de lecture estim\u00e9e\" \/>\n\t<meta name=\"twitter:data1\" content=\"1 minute\" \/>\n<script type=\"application\/ld+json\" class=\"yoast-schema-graph\">{\"@context\":\"https:\\\/\\\/schema.org\",\"@graph\":[{\"@type\":\"WebPage\",\"@id\":\"https:\\\/\\\/arexo.be\\\/fr\\\/mots-par-k\\\/\",\"url\":\"https:\\\/\\\/arexo.be\\\/fr\\\/mots-par-k\\\/\",\"name\":\"Mots par K - Arexo\",\"isPartOf\":{\"@id\":\"https:\\\/\\\/arexo.be\\\/fr\\\/#website\"},\"primaryImageOfPage\":{\"@id\":\"https:\\\/\\\/arexo.be\\\/fr\\\/mots-par-k\\\/#primaryimage\"},\"image\":{\"@id\":\"https:\\\/\\\/arexo.be\\\/fr\\\/mots-par-k\\\/#primaryimage\"},\"thumbnailUrl\":\"https:\\\/\\\/arexo.be\\\/wp-content\\\/uploads\\\/2023\\\/02\\\/0d6c681c-4701-4e32-bb71-ca0e901566d3.png\",\"datePublished\":\"2023-04-21T09:35:42+00:00\",\"dateModified\":\"2023-08-09T09:54:49+00:00\",\"breadcrumb\":{\"@id\":\"https:\\\/\\\/arexo.be\\\/fr\\\/mots-par-k\\\/#breadcrumb\"},\"inLanguage\":\"fr-FR\",\"potentialAction\":[{\"@type\":\"ReadAction\",\"target\":[\"https:\\\/\\\/arexo.be\\\/fr\\\/mots-par-k\\\/\"]}]},{\"@type\":\"ImageObject\",\"inLanguage\":\"fr-FR\",\"@id\":\"https:\\\/\\\/arexo.be\\\/fr\\\/mots-par-k\\\/#primaryimage\",\"url\":\"https:\\\/\\\/arexo.be\\\/wp-content\\\/uploads\\\/2023\\\/02\\\/0d6c681c-4701-4e32-bb71-ca0e901566d3.png\",\"contentUrl\":\"https:\\\/\\\/arexo.be\\\/wp-content\\\/uploads\\\/2023\\\/02\\\/0d6c681c-4701-4e32-bb71-ca0e901566d3.png\",\"width\":1200,\"height\":627},{\"@type\":\"BreadcrumbList\",\"@id\":\"https:\\\/\\\/arexo.be\\\/fr\\\/mots-par-k\\\/#breadcrumb\",\"itemListElement\":[{\"@type\":\"ListItem\",\"position\":1,\"name\":\"Home\",\"item\":\"https:\\\/\\\/arexo.be\\\/fr\\\/\"},{\"@type\":\"ListItem\",\"position\":2,\"name\":\"Mots par K\"}]},{\"@type\":\"WebSite\",\"@id\":\"https:\\\/\\\/arexo.be\\\/fr\\\/#website\",\"url\":\"https:\\\/\\\/arexo.be\\\/fr\\\/\",\"name\":\"Arexo\",\"description\":\"An Agile IT Company\",\"publisher\":{\"@id\":\"https:\\\/\\\/arexo.be\\\/fr\\\/#organization\"},\"potentialAction\":[{\"@type\":\"SearchAction\",\"target\":{\"@type\":\"EntryPoint\",\"urlTemplate\":\"https:\\\/\\\/arexo.be\\\/fr\\\/?s={search_term_string}\"},\"query-input\":{\"@type\":\"PropertyValueSpecification\",\"valueRequired\":true,\"valueName\":\"search_term_string\"}}],\"inLanguage\":\"fr-FR\"},{\"@type\":\"Organization\",\"@id\":\"https:\\\/\\\/arexo.be\\\/fr\\\/#organization\",\"name\":\"Arexo\",\"url\":\"https:\\\/\\\/arexo.be\\\/fr\\\/\",\"logo\":{\"@type\":\"ImageObject\",\"inLanguage\":\"fr-FR\",\"@id\":\"https:\\\/\\\/arexo.be\\\/fr\\\/#\\\/schema\\\/logo\\\/image\\\/\",\"url\":\"https:\\\/\\\/arexo.be\\\/wp-content\\\/uploads\\\/2022\\\/10\\\/AREXO-logo-baseline_color-pos.png\",\"contentUrl\":\"https:\\\/\\\/arexo.be\\\/wp-content\\\/uploads\\\/2022\\\/10\\\/AREXO-logo-baseline_color-pos.png\",\"width\":2203,\"height\":1116,\"caption\":\"Arexo\"},\"image\":{\"@id\":\"https:\\\/\\\/arexo.be\\\/fr\\\/#\\\/schema\\\/logo\\\/image\\\/\"},\"sameAs\":[\"https:\\\/\\\/x.com\\\/arexoconsulting\",\"https:\\\/\\\/www.linkedin.com\\\/company\\\/arexo-consulting\\\/\"]}]}<\/script>\n<!-- \/ Yoast SEO plugin. -->","yoast_head_json":{"title":"Mots par K - Arexo","robots":{"index":"index","follow":"follow","max-snippet":"max-snippet:-1","max-image-preview":"max-image-preview:large","max-video-preview":"max-video-preview:-1"},"canonical":"https:\/\/arexo.be\/fr\/mots-par-k\/","og_locale":"fr_FR","og_type":"article","og_title":"Mots par K - Arexo","og_description":"A&#8211;B&#8211;C&#8211;D&#8211;E&#8211;F&#8211;G&#8211;H&#8211;I&#8211;J&#8211;K&#8211;L&#8211;M&#8211;N&#8211;O&#8211;P&#8211;Q&#8211;R&#8211;S&#8211;T&#8211;U&#8211;V&#8211;W&#8211;X&#8211;Y&#8211;Z Kanban Kanban est une m\u00e9thodologie de gestion de projet Agile qui met l&#8217;accent sur la visualisation du flux de travail et la limitation du travail en cours. Elle est souvent utilis\u00e9e pour le d\u00e9veloppement de logiciels, mais peut \u00e9galement \u00eatre appliqu\u00e9e \u00e0 d&#8217;autres domaines. Le tableau Kanban est l&#8217;\u00e9l\u00e9ment cl\u00e9 de la m\u00e9thode Kanban,","og_url":"https:\/\/arexo.be\/fr\/mots-par-k\/","og_site_name":"Arexo","article_modified_time":"2023-08-09T09:54:49+00:00","og_image":[{"width":1200,"height":627,"url":"https:\/\/arexo.be\/wp-content\/uploads\/2023\/02\/0d6c681c-4701-4e32-bb71-ca0e901566d3.png","type":"image\/png"}],"twitter_card":"summary_large_image","twitter_site":"@arexoconsulting","twitter_misc":{"Dur\u00e9e de lecture estim\u00e9e":"1 minute"},"schema":{"@context":"https:\/\/schema.org","@graph":[{"@type":"WebPage","@id":"https:\/\/arexo.be\/fr\/mots-par-k\/","url":"https:\/\/arexo.be\/fr\/mots-par-k\/","name":"Mots par K - Arexo","isPartOf":{"@id":"https:\/\/arexo.be\/fr\/#website"},"primaryImageOfPage":{"@id":"https:\/\/arexo.be\/fr\/mots-par-k\/#primaryimage"},"image":{"@id":"https:\/\/arexo.be\/fr\/mots-par-k\/#primaryimage"},"thumbnailUrl":"https:\/\/arexo.be\/wp-content\/uploads\/2023\/02\/0d6c681c-4701-4e32-bb71-ca0e901566d3.png","datePublished":"2023-04-21T09:35:42+00:00","dateModified":"2023-08-09T09:54:49+00:00","breadcrumb":{"@id":"https:\/\/arexo.be\/fr\/mots-par-k\/#breadcrumb"},"inLanguage":"fr-FR","potentialAction":[{"@type":"ReadAction","target":["https:\/\/arexo.be\/fr\/mots-par-k\/"]}]},{"@type":"ImageObject","inLanguage":"fr-FR","@id":"https:\/\/arexo.be\/fr\/mots-par-k\/#primaryimage","url":"https:\/\/arexo.be\/wp-content\/uploads\/2023\/02\/0d6c681c-4701-4e32-bb71-ca0e901566d3.png","contentUrl":"https:\/\/arexo.be\/wp-content\/uploads\/2023\/02\/0d6c681c-4701-4e32-bb71-ca0e901566d3.png","width":1200,"height":627},{"@type":"BreadcrumbList","@id":"https:\/\/arexo.be\/fr\/mots-par-k\/#breadcrumb","itemListElement":[{"@type":"ListItem","position":1,"name":"Home","item":"https:\/\/arexo.be\/fr\/"},{"@type":"ListItem","position":2,"name":"Mots par K"}]},{"@type":"WebSite","@id":"https:\/\/arexo.be\/fr\/#website","url":"https:\/\/arexo.be\/fr\/","name":"Arexo","description":"An Agile IT Company","publisher":{"@id":"https:\/\/arexo.be\/fr\/#organization"},"potentialAction":[{"@type":"SearchAction","target":{"@type":"EntryPoint","urlTemplate":"https:\/\/arexo.be\/fr\/?s={search_term_string}"},"query-input":{"@type":"PropertyValueSpecification","valueRequired":true,"valueName":"search_term_string"}}],"inLanguage":"fr-FR"},{"@type":"Organization","@id":"https:\/\/arexo.be\/fr\/#organization","name":"Arexo","url":"https:\/\/arexo.be\/fr\/","logo":{"@type":"ImageObject","inLanguage":"fr-FR","@id":"https:\/\/arexo.be\/fr\/#\/schema\/logo\/image\/","url":"https:\/\/arexo.be\/wp-content\/uploads\/2022\/10\/AREXO-logo-baseline_color-pos.png","contentUrl":"https:\/\/arexo.be\/wp-content\/uploads\/2022\/10\/AREXO-logo-baseline_color-pos.png","width":2203,"height":1116,"caption":"Arexo"},"image":{"@id":"https:\/\/arexo.be\/fr\/#\/schema\/logo\/image\/"},"sameAs":["https:\/\/x.com\/arexoconsulting","https:\/\/www.linkedin.com\/company\/arexo-consulting\/"]}]}},"_links":{"self":[{"href":"https:\/\/arexo.be\/fr\/wp-json\/wp\/v2\/pages\/11023","targetHints":{"allow":["GET"]}}],"collection":[{"href":"https:\/\/arexo.be\/fr\/wp-json\/wp\/v2\/pages"}],"about":[{"href":"https:\/\/arexo.be\/fr\/wp-json\/wp\/v2\/types\/page"}],"author":[{"embeddable":true,"href":"https:\/\/arexo.be\/fr\/wp-json\/wp\/v2\/users\/1"}],"replies":[{"embeddable":true,"href":"https:\/\/arexo.be\/fr\/wp-json\/wp\/v2\/comments?post=11023"}],"version-history":[{"count":3,"href":"https:\/\/arexo.be\/fr\/wp-json\/wp\/v2\/pages\/11023\/revisions"}],"predecessor-version":[{"id":11026,"href":"https:\/\/arexo.be\/fr\/wp-json\/wp\/v2\/pages\/11023\/revisions\/11026"}],"wp:featuredmedia":[{"embeddable":true,"href":"https:\/\/arexo.be\/fr\/wp-json\/wp\/v2\/media\/9627"}],"wp:attachment":[{"href":"https:\/\/arexo.be\/fr\/wp-json\/wp\/v2\/media?parent=11023"}],"curies":[{"name":"wp","href":"https:\/\/api.w.org\/{rel}","templated":true}]}}